{"id":421,"date":"2023-02-27T15:36:33","date_gmt":"2023-02-27T23:36:33","guid":{"rendered":"https:\/\/hearinghealthalliance.com\/fr\/?page_id=421"},"modified":"2023-02-28T09:24:51","modified_gmt":"2023-02-28T17:24:51","slug":"francais","status":"publish","type":"page","link":"https:\/\/hearinghealthalliance.com\/fr\/","title":{"rendered":"Page d&#8217;accueil"},"content":{"rendered":"\n<div class=\"wp-block-cover alignfull is-light has-custom-content-position is-position-bottom-center\" style=\"min-height:500px;aspect-ratio:unset;\"><span aria-hidden=\"true\" class=\"wp-block-cover__background has-primary-background-color has-background-dim-40 has-background-dim\"><\/span><img data-recalc-dims=\"1\" loading=\"lazy\" decoding=\"async\" width=\"580\" height=\"387\" class=\"wp-block-cover__image-background wp-image-67\" alt=\"Asian man with hearing aid behind the ear outdoors.\" src=\"https:\/\/i0.wp.com\/hearinghealthalliance.com\/fr\/wp-content\/uploads\/sites\/2\/2022\/05\/hero.jpeg?resize=580%2C387&#038;ssl=1\" style=\"object-position:50% 67%\" data-object-fit=\"cover\" data-object-position=\"50% 67%\" srcset=\"https:\/\/i0.wp.com\/hearinghealthalliance.com\/fr\/wp-content\/uploads\/sites\/2\/2022\/05\/hero.jpeg?w=2560&amp;ssl=1 2560w, https:\/\/i0.wp.com\/hearinghealthalliance.com\/fr\/wp-content\/uploads\/sites\/2\/2022\/05\/hero.jpeg?resize=300%2C200&amp;ssl=1 300w, https:\/\/i0.wp.com\/hearinghealthalliance.com\/fr\/wp-content\/uploads\/sites\/2\/2022\/05\/hero.jpeg?resize=1024%2C684&amp;ssl=1 1024w, https:\/\/i0.wp.com\/hearinghealthalliance.com\/fr\/wp-content\/uploads\/sites\/2\/2022\/05\/hero.jpeg?resize=768%2C513&amp;ssl=1 768w, https:\/\/i0.wp.com\/hearinghealthalliance.com\/fr\/wp-content\/uploads\/sites\/2\/2022\/05\/hero.jpeg?resize=1536%2C1025&amp;ssl=1 1536w, https:\/\/i0.wp.com\/hearinghealthalliance.com\/fr\/wp-content\/uploads\/sites\/2\/2022\/05\/hero.jpeg?resize=2048%2C1367&amp;ssl=1 2048w, https:\/\/i0.wp.com\/hearinghealthalliance.com\/fr\/wp-content\/uploads\/sites\/2\/2022\/05\/hero.jpeg?resize=1200%2C801&amp;ssl=1 1200w, https:\/\/i0.wp.com\/hearinghealthalliance.com\/fr\/wp-content\/uploads\/sites\/2\/2022\/05\/hero.jpeg?resize=1980%2C1322&amp;ssl=1 1980w, https:\/\/i0.wp.com\/hearinghealthalliance.com\/fr\/wp-content\/uploads\/sites\/2\/2022\/05\/hero.jpeg?w=1740&amp;ssl=1 1740w\" sizes=\"auto, (max-width: 580px) 100vw, 580px\" \/><div class=\"wp-block-cover__inner-container is-layout-flow wp-block-cover-is-layout-flow\">\n<h2 class=\"alignwide has-background-color has-text-color wp-block-heading\">Travaillons ensemble pour cr\u00e9er un Canada meilleur o\u00f9 les gens affect\u00e9s par la perte auditive jouissent d\u2019une qualit\u00e9 de vie optimale!<\/h2>\n<\/div><\/div>\n\n\n\n<div class=\"wp-block-columns alignwide is-layout-flex wp-container-core-columns-is-layout-9d6595d7 wp-block-columns-is-layout-flex\">\n<div class=\"wp-block-column is-layout-flow wp-block-column-is-layout-flow\"><div class=\"wp-block-image is-style-default\">\n<figure class=\"aligncenter size-large\"><img decoding=\"async\" src=\"https:\/\/hearinghealthalliance.com\/fr\/wp-content\/uploads\/sites\/2\/2022\/05\/chart-19percent.svg\" alt=\"A pie chart that states 19% of Canadian adults under the age of 70 experience hearing loss such that it negatively affects their to comprehend speech.\" class=\"wp-image-88\"\/><\/figure>\n<\/div>\n\n<div class=\"wp-block-image\">\n<figure class=\"aligncenter size-large is-resized\"><img loading=\"lazy\" decoding=\"async\" src=\"https:\/\/hearinghealthalliance.com\/fr\/wp-content\/uploads\/sites\/2\/19percent.svg\" alt=\"A pie chart with 19% written inside it.\" class=\"wp-image-347\" width=\"214\" height=\"214\" srcset=\"https:\/\/hearinghealthalliance.com\/fr\/wp-content\/uploads\/sites\/2\/19percent.svg 150w, https:\/\/hearinghealthalliance.com\/fr\/wp-content\/uploads\/sites\/2\/19percent.svg 300w, https:\/\/hearinghealthalliance.com\/fr\/wp-content\/uploads\/sites\/2\/19percent.svg 768w, https:\/\/hearinghealthalliance.com\/fr\/wp-content\/uploads\/sites\/2\/19percent.svg 1024w, https:\/\/hearinghealthalliance.com\/fr\/wp-content\/uploads\/sites\/2\/19percent.svg 214w\" sizes=\"auto, (max-width: 214px) 100vw, 214px\" \/><\/figure>\n<\/div><\/div>\n\n\n\n<div class=\"wp-block-column is-vertically-aligned-center is-layout-flow wp-block-column-is-layout-flow\">\n<p class=\"has-primary-color has-text-color has-background\" style=\"background-color:#fceacb\">Aujourd\u2019hui, 19 % des adultes canadiens de moins de 70 ans sont atteints d\u2019une perte auditive qui affecte n\u00e9gativement leur capacit\u00e9 de comprendre la parole. Ce nombre augmente \u00e9norm\u00e9ment chez les adultes plus \u00e2g\u00e9s, puisque trois quarts des hommes et deux tiers des femmes subissent une perte auditive consid\u00e9rable entre 80 et 85 ans.<\/p>\n<\/div>\n<\/div>\n\n\n\n<div class=\"wp-block-columns alignwide is-layout-flex wp-container-core-columns-is-layout-9d6595d7 wp-block-columns-is-layout-flex\">\n<div class=\"wp-block-column is-vertically-aligned-center is-layout-flow wp-block-column-is-layout-flow\">\n<div class=\"wp-block-group has-background\" style=\"background-color:#ebf3f8\"><div class=\"wp-block-group__inner-container is-layout-flow wp-block-group-is-layout-flow\">\n<p>Ce document, <em>Vers une strat\u00e9gie nationale sur la sant\u00e9 auditive<\/em>: un programme ax\u00e9 sur le changement \u00e9tablit les fondements d\u2019une action collective et fructueuse sur la sant\u00e9 auditive. Il \u00e9tablit le profil de la perte auditive et de ses r\u00e9percussions sur la qualit\u00e9 de vie des Canadiens, sur l\u2019\u00e9conomie et la productivit\u00e9 de notre pays. De plus, il d\u00e9termine ce que collectivement nous jugeons \u00eatre les secteurs prioritaires de haut niveau et les r\u00e9sultats recherch\u00e9s quant \u00e0 l\u2019\u00e9laboration et la progression d\u2019une strat\u00e9gie nationale sur la sant\u00e9 auditive. Avec un centre d\u2019int\u00e9r\u00eat \u00e0 l\u2019\u00e9chelle nationale et guid\u00e9e par la recherche universitaire, une strat\u00e9gie canadienne sur l\u2019audition favorisera la sant\u00e9 auditive, pr\u00e9viendra la perte auditive, assurera un acc\u00e8s \u00e9quitable \u00e0 la sant\u00e9 auditive et r\u00e9duira la pr\u00e9valence, l\u2019incidence et les r\u00e9percussions de la perte auditive.<\/p>\n<\/div><\/div>\n<\/div>\n\n\n\n<div class=\"wp-block-column is-vertically-aligned-center is-layout-flow wp-block-column-is-layout-flow\"><div class=\"wp-block-image\">\n<figure class=\"aligncenter size-full\"><img data-recalc-dims=\"1\" loading=\"lazy\" decoding=\"async\" width=\"580\" height=\"754\" src=\"https:\/\/i0.wp.com\/hearinghealthalliance.com\/fr\/wp-content\/uploads\/sites\/2\/hhac-french.png?resize=580%2C754&#038;ssl=1\" alt=\"\" class=\"wp-image-427\" srcset=\"https:\/\/i0.wp.com\/hearinghealthalliance.com\/fr\/wp-content\/uploads\/sites\/2\/hhac-french.png?w=634&amp;ssl=1 634w, https:\/\/i0.wp.com\/hearinghealthalliance.com\/fr\/wp-content\/uploads\/sites\/2\/hhac-french.png?resize=231%2C300&amp;ssl=1 231w\" sizes=\"auto, (max-width: 580px) 100vw, 580px\" \/><\/figure>\n<\/div>\n\n\n<div class=\"wp-block-buttons is-content-justification-center is-layout-flex wp-container-core-buttons-is-layout-16018d1d wp-block-buttons-is-layout-flex\">\n<div class=\"wp-block-button\"><a class=\"wp-block-button__link has-background wp-element-button\" href=\"https:\/\/hearinghealthalliance.com\/fr\/wp-content\/uploads\/sites\/2\/HHAC_NHHS_Discussion-Paper_FR_2023.pdf\" style=\"background-color:#0c6cac\" target=\"_blank\" rel=\"noreferrer noopener\">T\u00e9l\u00e9charger<\/a><\/div>\n<\/div>\n<\/div>\n<\/div>\n\n\n\n<h2 class=\"alignwide border-bottom-yellow has-text-color wp-block-heading\" style=\"color:#efaa0a;letter-spacing:0.8px;text-transform:uppercase\">\u00c0 PROPOS DE NOTRE ALLIANCE<\/h2>\n\n\n\n<div class=\"wp-block-columns alignwide is-layout-flex wp-container-core-columns-is-layout-9d6595d7 wp-block-columns-is-layout-flex\">\n<div class=\"wp-block-column is-layout-flow wp-block-column-is-layout-flow\">\n<p>L&#8217;Alliance pour la sant\u00e9 auditive du Canada est unie pour d\u00e9fendre:<\/p>\n\n\n\n<ul class=\"wp-block-list\">\n<li>une plus grande prise de conscience de l&#8217;impact de la perte auditive non g\u00e9r\u00e9e<\/li>\n\n\n\n<li>action d\u00e9cisive pour pr\u00e9venir la perte auditive; et<\/li>\n\n\n\n<li>action f\u00e9d\u00e9rale maintenant sur une strat\u00e9gie pancanadienne pour la sant\u00e9 auditive.<\/li>\n<\/ul>\n<\/div>\n\n\n\n<div class=\"wp-block-column is-layout-flow wp-block-column-is-layout-flow\">\n<p>L\u2019Alliance pour la sant\u00e9 auditive du Canada est form\u00e9e de l\u2019Association des malentendants canadiens , Wavefront Centre for Communication Accessibility, Association of Hearing Instrument Practitioners of Ontario, l\u2019Association canadienne d\u2019audiologie, Canadian Hearing Instrument Practitioners Society, Cochlear Canada inc., Hearing Industry Association of Canada, et Orthophonie et Audiologie Canada.<\/p>\n<\/div>\n<\/div>\n\n\n\n<div class=\"wp-block-columns alignwide icon-columns is-layout-flex wp-container-core-columns-is-layout-9d6595d7 wp-block-columns-is-layout-flex\">\n<div class=\"wp-block-column is-vertically-aligned-bottom is-layout-flow wp-block-column-is-layout-flow\"><div class=\"wp-block-image\">\n<figure class=\"aligncenter size-large is-resized\"><img loading=\"lazy\" decoding=\"async\" src=\"https:\/\/hearinghealthalliance.com\/fr\/wp-content\/uploads\/sites\/2\/icon-hands.svg\" alt=\"An icon of hands around three people.\" class=\"wp-image-181\" width=\"113\" height=\"113\" srcset=\"https:\/\/hearinghealthalliance.com\/fr\/wp-content\/uploads\/sites\/2\/icon-hands.svg 150w, https:\/\/hearinghealthalliance.com\/fr\/wp-content\/uploads\/sites\/2\/icon-hands.svg 300w, https:\/\/hearinghealthalliance.com\/fr\/wp-content\/uploads\/sites\/2\/icon-hands.svg 1024w\" sizes=\"auto, (max-width: 113px) 100vw, 113px\" \/><\/figure>\n<\/div>\n\n\n<p class=\"has-text-align-center\" style=\"font-size:16px\">Accro\u00eetre le profil et la sensibilisation \u00e0 la sant\u00e9 auditive et aux r\u00e9percussions de la perte auditive<\/p>\n<\/div>\n\n\n\n<div class=\"wp-block-column is-vertically-aligned-bottom is-layout-flow wp-block-column-is-layout-flow\"><div class=\"wp-block-image\">\n<figure class=\"aligncenter size-large is-resized\"><img loading=\"lazy\" decoding=\"async\" src=\"https:\/\/hearinghealthalliance.com\/fr\/wp-content\/uploads\/sites\/2\/icon-loudspeaker.svg\" alt=\"An icon of a loudspeaker.\" class=\"wp-image-182\" width=\"111\" height=\"113\"\/><\/figure>\n<\/div>\n\n\n<p class=\"has-text-align-center\" style=\"font-size:16px\">Faciliter une voix nationale unifi\u00e9e par le plaidoyer sur des questions d\u2019int\u00e9r\u00eat commun<\/p>\n<\/div>\n\n\n\n<div class=\"wp-block-column is-vertically-aligned-bottom is-layout-flow wp-block-column-is-layout-flow\"><div class=\"wp-block-image\">\n<figure class=\"aligncenter size-large is-resized\"><img loading=\"lazy\" decoding=\"async\" src=\"https:\/\/hearinghealthalliance.com\/fr\/wp-content\/uploads\/sites\/2\/icon-hands-up.svg\" alt=\"An icon of three hands raising up with one of them pointing its index finger up.\" class=\"wp-image-183\" width=\"114\" height=\"113\" srcset=\"https:\/\/hearinghealthalliance.com\/fr\/wp-content\/uploads\/sites\/2\/icon-hands-up.svg 150w, https:\/\/hearinghealthalliance.com\/fr\/wp-content\/uploads\/sites\/2\/icon-hands-up.svg 300w, https:\/\/hearinghealthalliance.com\/fr\/wp-content\/uploads\/sites\/2\/icon-hands-up.svg 1024w\" sizes=\"auto, (max-width: 114px) 100vw, 114px\" \/><\/figure>\n<\/div>\n\n\n<p class=\"has-text-align-center\" style=\"font-size:16px\">Jouer un r\u00f4le de premier plan et faciliter la cr\u00e9ation d\u2019une strat\u00e9gie nationale pour la sant\u00e9 auditive<\/p>\n<\/div>\n\n\n\n<div class=\"wp-block-column is-vertically-aligned-bottom is-layout-flow wp-block-column-is-layout-flow\"><div class=\"wp-block-image\">\n<figure class=\"aligncenter size-large is-resized\"><img loading=\"lazy\" decoding=\"async\" src=\"https:\/\/hearinghealthalliance.com\/fr\/wp-content\/uploads\/sites\/2\/icon-document.svg\" alt=\"An icon with a gavel and a document.\" class=\"wp-image-184\" width=\"98\" height=\"113\"\/><\/figure>\n<\/div>\n\n\n<p class=\"has-text-align-center\" style=\"font-size:16px\">Faire progresser les aspects communs politiques, l\u00e9gislatifs, r\u00e9glementaires et ceux li\u00e9s aux consommateurs<\/p>\n<\/div>\n\n\n\n<div class=\"wp-block-column is-vertically-aligned-bottom is-layout-flow wp-block-column-is-layout-flow\"><div class=\"wp-block-image\">\n<figure class=\"aligncenter size-large is-resized\"><img loading=\"lazy\" decoding=\"async\" src=\"https:\/\/hearinghealthalliance.com\/fr\/wp-content\/uploads\/sites\/2\/icon-building.svg\" alt=\"An icon of a building with a flag on the top.\" class=\"wp-image-185\" width=\"115\" height=\"113\"\/><\/figure>\n<\/div>\n\n\n<p class=\"has-text-align-center\" style=\"font-size:16px\">Coordonner les propositions ou les soumissions au gouvernement sur des questions d\u2019int\u00e9r\u00eat commun<\/p>\n<\/div>\n<\/div>\n\n\n\n<hr class=\"wp-block-separator has-css-opacity is-style-wide\"\/>\n\n\n\n<p class=\"has-text-align-center\">Contact: <a href=\"mailto:info@hearinghealthalliance.com\">info@hearinghealthalliance.com<\/a><\/p>\n","protected":false},"excerpt":{"rendered":"<p>Aujourd\u2019hui, 19 % des adultes canadiens de moins de 70 ans sont atteints d\u2019une perte auditive qui affecte n\u00e9gativement leur capacit\u00e9 de comprendre la parole. Ce nombre augmente \u00e9norm\u00e9ment chez les adultes plus \u00e2g\u00e9s, puisque trois quarts des hommes et deux tiers des femmes subissent une perte auditive consid\u00e9rable entre 80 et 85 ans. Ce [&hellip;]<\/p>\n","protected":false},"author":1,"featured_media":0,"parent":0,"menu_order":0,"comment_status":"closed","ping_status":"closed","template":"","meta":{"footnotes":""},"class_list":["post-421","page","type-page","status-publish","hentry"],"jetpack_sharing_enabled":true,"_links":{"self":[{"href":"https:\/\/hearinghealthalliance.com\/fr\/wp-json\/wp\/v2\/pages\/421","targetHints":{"allow":["GET"]}}],"collection":[{"href":"https:\/\/hearinghealthalliance.com\/fr\/wp-json\/wp\/v2\/pages"}],"about":[{"href":"https:\/\/hearinghealthalliance.com\/fr\/wp-json\/wp\/v2\/types\/page"}],"author":[{"embeddable":true,"href":"https:\/\/hearinghealthalliance.com\/fr\/wp-json\/wp\/v2\/users\/1"}],"replies":[{"embeddable":true,"href":"https:\/\/hearinghealthalliance.com\/fr\/wp-json\/wp\/v2\/comments?post=421"}],"version-history":[{"count":4,"href":"https:\/\/hearinghealthalliance.com\/fr\/wp-json\/wp\/v2\/pages\/421\/revisions"}],"predecessor-version":[{"id":432,"href":"https:\/\/hearinghealthalliance.com\/fr\/wp-json\/wp\/v2\/pages\/421\/revisions\/432"}],"wp:attachment":[{"href":"https:\/\/hearinghealthalliance.com\/fr\/wp-json\/wp\/v2\/media?parent=421"}],"curies":[{"name":"wp","href":"https:\/\/api.w.org\/{rel}","templated":true}]}}